{"id":238,"date":"2018-07-11T11:40:02","date_gmt":"2018-07-11T10:40:02","guid":{"rendered":"http:\/\/serwer1548729.home.pl\/autoinstalator\/wordpressplugins3\/?page_id=238"},"modified":"2024-07-19T15:34:16","modified_gmt":"2024-07-19T14:34:16","slug":"programy-profilaktyczne","status":"publish","type":"page","link":"https:\/\/przychodniarozewska.pl\/?page_id=238","title":{"rendered":"Programy Profilaktyczne"},"content":{"rendered":"<p><strong>Przychodnia Lekarska Chylonia I realizuje nast\u0119puj\u0105ce programy profilaktyczne<\/strong>:<\/p>\n<p><strong>PRZYCHODNIA LEKARSKA CHYLONIA I <\/strong><strong>ZAPRASZA <\/strong><strong>DO WYKONANIA PAKIETU BADA\u0143 DIAGNOSTYCZNYCH <\/strong><strong>W RAMACH PROGRAMU \u201ePROFILAKTYKA 40 PLUS\u201d <\/strong><strong>FINANSOWANEGO PRZEZ NFZ<\/strong><\/p>\n<p><strong>Kto mo\u017ce skorzysta\u0107 z\u00a0bada\u0144<\/strong><\/p>\n<p>Program skierowany jest do Polak\u00f3w,\u00a0kt\u00f3rzy:<\/p>\n<ul>\n<li><strong>w roku przeprowadzenia badania<\/strong> <strong>uko\u0144cz\u0105 lub uko\u0144czyli 40\u00a0lat i wi\u0119cej, bez okre\u015blenia g\u00f3rnej granicy wieku<\/strong><\/li>\n<li>nie korzystali wcze\u015bniej z programu Profilaktyka 40 PLUS<\/li>\n<li><strong>uzupe\u0142nili ankiet\u0119 przez Internetowe Konto Pacjenta<\/strong> (IKP)<\/li>\n<\/ul>\n<p><strong>Jak skorzysta\u0107 z\u00a0pakietu<\/strong><\/p>\n<ol>\n<li>Wype\u0142nij ankiet\u0119 na Internetowym Koncie Pacjenta (IKP)<\/li>\n<li>Poczekaj 2 dni robocze na wystawienie\u00a0e-skierowania.<\/li>\n<li><strong>Zadzwo\u0144 do Przychodni, \u017ceby um\u00f3wi\u0107 si\u0119 na realizacj\u0119 bada\u0144<\/strong><\/li>\n<\/ol>\n<p><strong>od pon. do pi\u0105tku w godz. 8:00 \u2013 14:00;\u00a0\u00a0 tel. 58 6234688;\u00a0\u00a0 58 6636969;\u00a0 58 6230276<\/strong><\/p>\n<p><strong>ODBI\u00d3R WYNIK\u00d3W BADA\u0143 w wynikomacie w Przychodni w godz.7:00 \u2013 18:00 lub na stronie internetowej laboratorium ALAB<\/strong><\/p>\n<ol>\n<li>Na badanie zabierz dow\u00f3d\u00a0osobisty.<\/li>\n<li>W Przychodni otrzymasz wyniki bada\u0144 (oraz przez IKP), od kt\u00f3rych b\u0119dzie zale\u017ca\u0142o dalsze post\u0119powanie.<\/li>\n<\/ol>\n<p><strong>Co zawiera pakiet\u00a0bada\u0144<\/strong><\/p>\n<p>Badania diagnostyczne, kt\u00f3re wchodz\u0105 w sk\u0142ad programu Profilaktyka 40 PLUS, dziel\u0105 si\u0119 na trzy grupy: badania dla kobiet, badania dla m\u0119\u017cczyzn i pakiet wsp\u00f3lny. To, jaki zakres bada\u0144 b\u0119dzie dost\u0119pny dla Ciebie, zale\u017cy od odpowiedzi, jakich udzielisz w\u00a0ankiecie.<\/p>\n<p><strong>Pakiet bada\u0144 diagnostycznych dla\u00a0kobiet<\/strong><\/p>\n<ul>\n<li>morfologia krwi obwodowej z wzorem odsetkowym i p\u0142ytkami\u00a0krwi<\/li>\n<li>st\u0119\u017cenie cholesterolu ca\u0142kowitego albo kontrolny profil\u00a0lipidowy<\/li>\n<li>st\u0119\u017cenie glukozy we\u00a0krwi<\/li>\n<li>pr\u00f3by w\u0105trobowe: AlAT, AspAT, GGTP<\/li>\n<li>poziom kreatyniny we\u00a0krwi<\/li>\n<li>badanie og\u00f3lne\u00a0moczu<\/li>\n<li>poziom kwasu moczowego we\u00a0krwi<\/li>\n<li>krew utajona w kale \u2013 metod\u0105 immunochemiczn\u0105\u00a0(iFOBT).<\/li>\n<\/ul>\n<p><strong>Pakiet bada\u0144 diagnostycznych dla\u00a0m\u0119\u017cczyzn<\/strong><\/p>\n<ul>\n<li>morfologia krwi obwodowej ze wzorem odsetkowym i p\u0142ytkami\u00a0krwi<\/li>\n<li>st\u0119\u017cenie cholesterolu ca\u0142kowitego albo kontrolny profil\u00a0lipidowy<\/li>\n<li>st\u0119\u017cenie glukozy we\u00a0krwi<\/li>\n<li>pr\u00f3by w\u0105trobowe: AlAT, AspAT, GGTP<\/li>\n<li>poziom kreatyniny we\u00a0krwi<\/li>\n<li>badanie og\u00f3lne\u00a0moczu<\/li>\n<li>poziom kwasu moczowego we\u00a0krwi<\/li>\n<li>krew utajona w kale \u2013 metod\u0105 immunochemiczn\u0105\u00a0(iFOBT)<\/li>\n<li>PSA \u2013 antygen swoisty dla stercza\u00a0ca\u0142kowity.<\/li>\n<\/ul>\n<p><strong>Pakiet bada\u0144 diagnostycznych\u00a0wsp\u00f3lny<\/strong><\/p>\n<ul>\n<li>pomiar ci\u015bnienia\u00a0t\u0119tniczego<\/li>\n<li>pomiar masy cia\u0142a, wzrostu, obwodu w\u00a0pasie<\/li>\n<li>obliczenie wska\u017anika masy cia\u0142a (BMI)<\/li>\n<\/ul>\n<p><strong>Program profilaktyki chor\u00f3b uk\u0142adu kr\u0105\u017cenia (CHUK) <\/strong><strong>finansowany przez NFZ<\/strong><\/p>\n<p><strong>\u00a0<\/strong><\/p>\n<p>Choroby uk\u0142adu kr\u0105\u017cenia s\u0105 g\u0142\u00f3wn\u0105 przyczyn\u0105 zgon\u00f3w w\u00a0Polsce i\u00a0na \u015bwiecie.<\/p>\n<p>Umieralno\u015b\u0107 w\u00a0Polsce z\u00a0tego powodu nale\u017cy do najwy\u017cszych w\u00a0Europie.<\/p>\n<p><strong><u>Program profilaktyki CHUK, adresowany do os\u00f3b kt\u00f3re:<\/u><\/strong><\/p>\n<ul>\n<li>maj\u0105 <strong>35 &#8211; 65 lat<br \/>\n<\/strong><\/li>\n<li>z\u0142o\u017cy\u0142y deklaracj\u0119 wyboru lekarza podstawowej opieki zdrowotnej,<\/li>\n<li>u kt\u00f3rych <strong>nie zosta\u0142a<\/strong> dotychczas rozpoznana choroba uk\u0142adu kr\u0105\u017cenia i\u00a0kt\u00f3re w okresie ostatnich 5 lat <strong>nie korzysta\u0142y<\/strong> ze \u015bwiadcze\u0144 udzielanych w\u00a0ramach programu profilaktyki CHUK, i kt\u00f3re s\u0105 <u>obci\u0105\u017cone nast\u0119puj\u0105cymi czynnikami ryzyka:<\/u>\n<ul>\n<li>nadci\u015bnienie t\u0119tnicze krwi (warto\u015b\u0107 ci\u015bnienia t\u0119tniczego powy\u017cej 140\/90 mmHg),<\/li>\n<li>zaburzenia gospodarki lipidowej (podwy\u017cszone st\u0119\u017cenie we krwi cholesterolu ca\u0142kowitego, LDL-cholesteloru,\u00a0 trigliceryd\u00f3w i\u00a0niskie st\u0119\u017cenie HDL- cholesterolu),<\/li>\n<li>palenie tytoniu,<\/li>\n<li>niska aktywno\u015b\u0107 ruchowa,<\/li>\n<li>nadwaga i\u00a0oty\u0142o\u015b\u0107,<\/li>\n<li>upo\u015bledzona tolerancja glukozy,<\/li>\n<li>wzrost st\u0119\u017cenia fibrynogenu,<\/li>\n<li>wzrost st\u0119\u017cenia kwasu moczowego,<\/li>\n<li>nadmierny stres,<\/li>\n<li>nieracjonalne od\u017cywianie,<\/li>\n<li>wiek,<\/li>\n<li>p\u0142e\u0107 m\u0119ska,<\/li>\n<li>obci\u0105\u017cenia genetyczne.<\/li>\n<\/ul>\n<\/li>\n<\/ul>\n<p><strong>\u015awiadczenia wykonywane w\u00a0ramach programu:<\/strong><\/p>\n<ol>\n<li>Przeprowadzenie wywiadu i wype\u0142nienie karty badania profilaktycznego.<\/li>\n<li>Wykonanie bada\u0144 biochemicznych krwi (st\u0119\u017cenie we krwi cholesterolu ca\u0142kowitego, LDL-cholesterolu, HDL-cholesterolu, trigliceryd\u00f3w i poziomu glukozy), dokonanie pomiaru ci\u015bnienia t\u0119tniczego krwi, okre\u015blenie wsp\u00f3\u0142czynnika masy cia\u0142a (Body Mass Index \u2013 BMI).<\/li>\n<li>Ustalenie terminu wizyty u lekarza podstawowej opieki zdrowotnej, na kt\u00f3rego li\u015bcie \u015bwiadczeniobiorc\u00f3w znajduje si\u0119 ten \u015bwiadczeniobiorca.<\/li>\n<li>Wpisanie wynik\u00f3w bada\u0144 do karty badania profilaktycznego.<\/li>\n<li>W trakcie wizyty u lekarza podstawowej opieki zdrowotnej:<\/li>\n<\/ol>\n<p>-badanie przedmiotowe \u015bwiadczeniobiorcy oraz ocena czynnik\u00f3w ryzyka\u00a0\u00a0\u00a0 zachorowa\u0144 na choroby uk\u0142adu kr\u0105\u017cenia;<br \/>\n-kwalifikacja \u015bwiadczeniobiorcy do odpowiedniej grupy ryzyka oraz ocena globalnego ryzyka wyst\u0105pienia incydentu sercowo-naczyniowego w przysz\u0142o\u015bci wed\u0142ug klasyfikacji SCORE i zapisanie uzyskanego wyniku w karcie badania profilaktycznego;<\/p>\n<p>-edukacja zdrowotna \u015bwiadczeniobiorcy oraz decyzja co do dalszego post\u0119powania ze \u015bwiadczeniobiorc\u0105.<\/p>\n<p>6. Przekazanie \u015bwiadczeniobiorcy, u kt\u00f3rego rozpoznano chorob\u0119 uk\u0142adu kr\u0105\u017cenia, przez lekarza podstawowej opieki zdrowotnej informacji o wynikach badania oraz zalece\u0144 dotycz\u0105cych konieczno\u015bci\u00a0 zmiany trybu \u017cycia lub kierowanie \u015bwiadczeniobiorcy na dalsz\u0105 diagnostyk\u0119 lub leczenie.<\/p>\n<p><strong>Celem skorzystania w\u00a0badania profilaktycznego nale\u017cy zarejestrowa\u0107 si\u0119 do swojego lekarza podstawowej opieki zdrowotnej (rodzinnego), do kt\u00f3rego z\u0142o\u017cono deklaracj\u0119 wyboru. <\/strong><\/p>\n","protected":false},"excerpt":{"rendered":"<p>Przychodnia Lekarska Chylonia I realizuje nast\u0119puj\u0105ce programy profilaktyczne: PRZYCHODNIA LEKARSKA CHYLONIA I ZAPRASZA DO WYKONANIA PAKIETU BADA\u0143 DIAGNOSTYCZNYCH W RAMACH PROGRAMU \u201ePROFILAKTYKA 40 PLUS\u201d FINANSOWANEGO PRZEZ NFZ Kto mo\u017ce skorzysta\u0107 z\u00a0bada\u0144 Program skierowany jest do Polak\u00f3w,\u00a0kt\u00f3rzy: w roku przeprowadzenia badania uko\u0144cz\u0105 lub uko\u0144czyli 40\u00a0lat i wi\u0119cej, bez okre\u015blenia g\u00f3rnej granicy wieku nie korzystali wcze\u015bniej z [&hellip;]<\/p>\n","protected":false},"author":1,"featured_media":0,"parent":0,"menu_order":0,"comment_status":"closed","ping_status":"closed","template":"","meta":[],"_links":{"self":[{"href":"https:\/\/przychodniarozewska.pl\/index.php?rest_route=\/wp\/v2\/pages\/238"}],"collection":[{"href":"https:\/\/przychodniarozewska.pl\/index.php?rest_route=\/wp\/v2\/pages"}],"about":[{"href":"https:\/\/przychodniarozewska.pl\/index.php?rest_route=\/wp\/v2\/types\/page"}],"author":[{"embeddable":true,"href":"https:\/\/przychodniarozewska.pl\/index.php?rest_route=\/wp\/v2\/users\/1"}],"replies":[{"embeddable":true,"href":"https:\/\/przychodniarozewska.pl\/index.php?rest_route=%2Fwp%2Fv2%2Fcomments&post=238"}],"version-history":[{"count":7,"href":"https:\/\/przychodniarozewska.pl\/index.php?rest_route=\/wp\/v2\/pages\/238\/revisions"}],"predecessor-version":[{"id":2461,"href":"https:\/\/przychodniarozewska.pl\/index.php?rest_route=\/wp\/v2\/pages\/238\/revisions\/2461"}],"wp:attachment":[{"href":"https:\/\/przychodniarozewska.pl\/index.php?rest_route=%2Fwp%2Fv2%2Fmedia&parent=238"}],"curies":[{"name":"wp","href":"https:\/\/api.w.org\/{rel}","templated":true}]}}