{"id":235,"date":"2018-07-11T11:39:40","date_gmt":"2018-07-11T10:39:40","guid":{"rendered":"http:\/\/serwer1548729.home.pl\/autoinstalator\/wordpressplugins3\/?page_id=235"},"modified":"2025-08-12T17:39:52","modified_gmt":"2025-08-12T16:39:52","slug":"punkt-szczepien","status":"publish","type":"page","link":"https:\/\/przychodniarozewska.pl\/?page_id=235","title":{"rendered":"Punkt Szczepie\u0144"},"content":{"rendered":"<p>Punkt szczepie\u0144 wykonuje szczepienia dla dzieci i doros\u0142ych bezp\u0142atnie w ramach kontraktu z Narodowym Funduszem Zdrowia, zgodnie z kalendarzem szczepie\u0144 oraz szczepienia p\u0142atne na \u017cyczenie pacjenta<\/p>\n<p>\u015awiadczenia s\u0105 udzielane przez wykwalifikowany personel piel\u0119gniarski : piel. Danuta Kratiuk i piel. mgr Beata Ogrodowczyk<\/p>\n<p><strong>Przed ka\u017cdym szczepieniem pacjent musi by\u0107 zbadany przez lekarza, kwalifikacja lekarska do szczepienia jest wa\u017cna przez 24 godziny<\/strong><\/p>\n<p><strong>Punkt szczepie\u0144 dla dzieci<\/strong> jest czynny w godzinach pracy lekarzy pediatr\u00f3w<\/p>\n<p><strong>Punkt szczepie\u0144 dla doros\u0142ych<\/strong> jest czynny:<\/p>\n<p>poniedzia\u0142ek 15:00-17:30<\/p>\n<p>wtorek 07:00-11:00<\/p>\n<p>\u015broda 15:00-17:30<\/p>\n<p>czwartek 15:00-17:30<\/p>\n<p>pi\u0105tek 15:00-17:30<\/p>\n<h2>W nast\u0119puj\u0105cych dniach punkt szczepie\u0144 b\u0119dzie czynny w innych godzinach:<\/h2>\n<h4><\/h4>\n<h3>CZWARTEK 14.08.2025<\/h3>\n<h4>08:00 -14:30<\/h4>\n<h3>PI\u0104TEK 15.08.2025<\/h3>\n<h4>nieczynny<\/h4>\n<h3>PONIEDZIA\u0141EK 18.08.2025<\/h3>\n<h4>08:30 -14:30<\/h4>\n<h3>WTOREK 19.08.2025<\/h3>\n<h4>08:30 &#8211; 14:30<\/h4>\n<h3>\u015aRODA 20.08.2025<\/h3>\n<h4>08:00 -14:30<\/h4>\n<h3>CZWARTEK 21.08.2025<\/h3>\n<h4>08:00 -14:30<\/h4>\n<h3>PI\u0104TEK 22.08.2025<\/h3>\n<h4>08:00 -14:30<\/h4>\n<h3>PONIEDZIA\u0141EK 25.08.2025<\/h3>\n<h4>08:00 &#8211; 14:30<\/h4>\n<h3>WTOREK 26.08.2025<\/h3>\n<h4>11:00 &#8211; 18:00<\/h4>\n<h3>\u015aRODA 27.08.2025<\/h3>\n<h4>08.00 &#8211; 14:30<\/h4>\n<h3>CZWARTEK 28.08.2025<\/h3>\n<h4>08:00 &#8211; 14:30<\/h4>\n<h3>PI\u0104TEK 29.08.2025<\/h3>\n<h4>08:00 14:30<\/h4>\n<h3><\/h3>\n<h4><\/h4>\n<h4><\/h4>\n<h3><\/h3>\n","protected":false},"excerpt":{"rendered":"<p>Punkt szczepie\u0144 wykonuje szczepienia dla dzieci i doros\u0142ych bezp\u0142atnie w ramach kontraktu z Narodowym Funduszem Zdrowia, zgodnie z kalendarzem szczepie\u0144 oraz szczepienia p\u0142atne na \u017cyczenie pacjenta \u015awiadczenia s\u0105 udzielane przez wykwalifikowany personel piel\u0119gniarski : piel. Danuta Kratiuk i piel. mgr Beata Ogrodowczyk Przed ka\u017cdym szczepieniem pacjent musi by\u0107 zbadany przez lekarza, kwalifikacja lekarska do szczepienia [&hellip;]<\/p>\n","protected":false},"author":1,"featured_media":0,"parent":0,"menu_order":0,"comment_status":"closed","ping_status":"closed","template":"","meta":[],"_links":{"self":[{"href":"https:\/\/przychodniarozewska.pl\/index.php?rest_route=\/wp\/v2\/pages\/235"}],"collection":[{"href":"https:\/\/przychodniarozewska.pl\/index.php?rest_route=\/wp\/v2\/pages"}],"about":[{"href":"https:\/\/przychodniarozewska.pl\/index.php?rest_route=\/wp\/v2\/types\/page"}],"author":[{"embeddable":true,"href":"https:\/\/przychodniarozewska.pl\/index.php?rest_route=\/wp\/v2\/users\/1"}],"replies":[{"embeddable":true,"href":"https:\/\/przychodniarozewska.pl\/index.php?rest_route=%2Fwp%2Fv2%2Fcomments&post=235"}],"version-history":[{"count":7,"href":"https:\/\/przychodniarozewska.pl\/index.php?rest_route=\/wp\/v2\/pages\/235\/revisions"}],"predecessor-version":[{"id":2913,"href":"https:\/\/przychodniarozewska.pl\/index.php?rest_route=\/wp\/v2\/pages\/235\/revisions\/2913"}],"wp:attachment":[{"href":"https:\/\/przychodniarozewska.pl\/index.php?rest_route=%2Fwp%2Fv2%2Fmedia&parent=235"}],"curies":[{"name":"wp","href":"https:\/\/api.w.org\/{rel}","templated":true}]}}