{"id":136,"date":"2018-06-18T08:43:31","date_gmt":"2018-06-18T08:43:31","guid":{"rendered":"http:\/\/serwer1548729.home.pl\/autoinstalator\/wordpressplugins3\/?page_id=136"},"modified":"2018-07-11T09:46:03","modified_gmt":"2018-07-11T08:46:03","slug":"ekg","status":"publish","type":"page","link":"https:\/\/przychodniarozewska.pl\/?page_id=136","title":{"rendered":"EKG"},"content":{"rendered":"<p>Badania EKG mo\u017cna wykona\u0107 w godzinach 09:00-18:00 w Gabinecie Zabiegowym (pok. 113, I pi\u0119tro), na zlecenie lekarza<\/p>\n","protected":false},"excerpt":{"rendered":"<p>Badania EKG mo\u017cna wykona\u0107 w godzinach 09:00-18:00 w Gabinecie Zabiegowym (pok. 113, I pi\u0119tro), na zlecenie lekarza<\/p>\n","protected":false},"author":1,"featured_media":0,"parent":0,"menu_order":0,"comment_status":"closed","ping_status":"closed","template":"","meta":[],"_links":{"self":[{"href":"https:\/\/przychodniarozewska.pl\/index.php?rest_route=\/wp\/v2\/pages\/136"}],"collection":[{"href":"https:\/\/przychodniarozewska.pl\/index.php?rest_route=\/wp\/v2\/pages"}],"about":[{"href":"https:\/\/przychodniarozewska.pl\/index.php?rest_route=\/wp\/v2\/types\/page"}],"author":[{"embeddable":true,"href":"https:\/\/przychodniarozewska.pl\/index.php?rest_route=\/wp\/v2\/users\/1"}],"replies":[{"embeddable":true,"href":"https:\/\/przychodniarozewska.pl\/index.php?rest_route=%2Fwp%2Fv2%2Fcomments&post=136"}],"version-history":[{"count":3,"href":"https:\/\/przychodniarozewska.pl\/index.php?rest_route=\/wp\/v2\/pages\/136\/revisions"}],"predecessor-version":[{"id":224,"href":"https:\/\/przychodniarozewska.pl\/index.php?rest_route=\/wp\/v2\/pages\/136\/revisions\/224"}],"wp:attachment":[{"href":"https:\/\/przychodniarozewska.pl\/index.php?rest_route=%2Fwp%2Fv2%2Fmedia&parent=136"}],"curies":[{"name":"wp","href":"https:\/\/api.w.org\/{rel}","templated":true}]}}