{"id":133,"date":"2018-06-18T08:43:26","date_gmt":"2018-06-18T08:43:26","guid":{"rendered":"http:\/\/serwer1548729.home.pl\/autoinstalator\/wordpressplugins3\/?page_id=133"},"modified":"2023-11-20T12:07:04","modified_gmt":"2023-11-20T11:07:04","slug":"usg","status":"publish","type":"page","link":"https:\/\/przychodniarozewska.pl\/?page_id=133","title":{"rendered":"USG"},"content":{"rendered":"<p><strong>Gabinet usg mie\u015bci si\u0119 w budynku Przychodni (gab. 107, I pi\u0119tro), badania wykonuje lek. Micha\u0142 Kaczkowski lekarz radiolog<\/strong><\/p>\n<p>Wykonujemy nast\u0119puj\u0105ce badania usg : usg jamy brzusznej, tarczycy, szyi, prostaty, j\u0105der i USG dopplerowskie t\u0119tnic szyjnych<\/p>\n<p><strong>Przygotowanie<\/strong><strong> do badania USG jamy brzusznej<\/strong><\/p>\n<p><strong><u>W DNIU POPRZEDZAJ\u0104CYM BADANIE:<\/u><\/strong><\/p>\n<ol>\n<li>Nie pi\u0107 napoj\u00f3w alkoholowych ani gazowanych<\/li>\n<li>Nie je\u015b\u0107 owoc\u00f3w<\/li>\n<li>Spo\u017cy\u0107 lekk\u0105 kolacj\u0119 bez cukru<\/li>\n<\/ol>\n<p><strong><u>W DNIU BADANIA:<\/u><\/strong><\/p>\n<ol>\n<li>By\u0107 na czczo \u2013 8 godzin przed badaniem nie je\u015b\u0107<\/li>\n<li>2 godz. Przed badaniem wypi\u0107 <strong>1 litr <\/strong>wody<\/li>\n<li>Nie oddawa\u0107 moczu-przyby\u0107 na badanie z <strong>pe\u0142nym p\u0119cherzem<\/strong><\/li>\n<li>Nie pali\u0107 papieros\u00f3w<\/li>\n<li>Dostarczy\u0107 opis poprzednich bada\u0144 i karty informacyjne z pobytu w szpitalu+R\u0118CZNIK<\/li>\n<\/ol>\n","protected":false},"excerpt":{"rendered":"<p>Gabinet usg mie\u015bci si\u0119 w budynku Przychodni (gab. 107, I pi\u0119tro), badania wykonuje lek. Micha\u0142 Kaczkowski lekarz radiolog Wykonujemy nast\u0119puj\u0105ce badania usg : usg jamy brzusznej, tarczycy, szyi, prostaty, j\u0105der i USG dopplerowskie t\u0119tnic szyjnych Przygotowanie do badania USG jamy brzusznej W DNIU POPRZEDZAJ\u0104CYM BADANIE: Nie pi\u0107 napoj\u00f3w alkoholowych ani gazowanych Nie je\u015b\u0107 owoc\u00f3w Spo\u017cy\u0107 [&hellip;]<\/p>\n","protected":false},"author":1,"featured_media":0,"parent":0,"menu_order":0,"comment_status":"closed","ping_status":"closed","template":"","meta":[],"_links":{"self":[{"href":"https:\/\/przychodniarozewska.pl\/index.php?rest_route=\/wp\/v2\/pages\/133"}],"collection":[{"href":"https:\/\/przychodniarozewska.pl\/index.php?rest_route=\/wp\/v2\/pages"}],"about":[{"href":"https:\/\/przychodniarozewska.pl\/index.php?rest_route=\/wp\/v2\/types\/page"}],"author":[{"embeddable":true,"href":"https:\/\/przychodniarozewska.pl\/index.php?rest_route=\/wp\/v2\/users\/1"}],"replies":[{"embeddable":true,"href":"https:\/\/przychodniarozewska.pl\/index.php?rest_route=%2Fwp%2Fv2%2Fcomments&post=133"}],"version-history":[{"count":4,"href":"https:\/\/przychodniarozewska.pl\/index.php?rest_route=\/wp\/v2\/pages\/133\/revisions"}],"predecessor-version":[{"id":2150,"href":"https:\/\/przychodniarozewska.pl\/index.php?rest_route=\/wp\/v2\/pages\/133\/revisions\/2150"}],"wp:attachment":[{"href":"https:\/\/przychodniarozewska.pl\/index.php?rest_route=%2Fwp%2Fv2%2Fmedia&parent=133"}],"curies":[{"name":"wp","href":"https:\/\/api.w.org\/{rel}","templated":true}]}}