{"id":130,"date":"2018-06-18T08:43:20","date_gmt":"2018-06-18T08:43:20","guid":{"rendered":"http:\/\/serwer1548729.home.pl\/autoinstalator\/wordpressplugins3\/?page_id=130"},"modified":"2025-07-01T08:36:35","modified_gmt":"2025-07-01T07:36:35","slug":"rtg","status":"publish","type":"page","link":"https:\/\/przychodniarozewska.pl\/?page_id=130","title":{"rendered":"RTG"},"content":{"rendered":"<p><strong>Diagnostyka RTG dla pacjent\u00f3w naszej Przychodni:<\/strong><\/p>\n<p>Specjalistyczna Przychodnia Lekarska &#8222;\u015ar\u00f3dmie\u015bcie&#8221; Sp. z. o. o.<\/p>\n<p>ul. Armii Krajowej 44<\/p>\n<p>81-366 Gdynia<\/p>\n<p>od pn. do pt. w godz. 8.00-18.00<\/p>\n<p>tel. 58 623 36 37<\/p>\n","protected":false},"excerpt":{"rendered":"<p>Diagnostyka RTG dla pacjent\u00f3w naszej Przychodni: Specjalistyczna Przychodnia Lekarska &#8222;\u015ar\u00f3dmie\u015bcie&#8221; Sp. z. o. o. ul. Armii Krajowej 44 81-366 Gdynia od pn. do pt. w godz. 8.00-18.00 tel. 58 623 36 37<\/p>\n","protected":false},"author":1,"featured_media":0,"parent":0,"menu_order":0,"comment_status":"closed","ping_status":"closed","template":"","meta":[],"_links":{"self":[{"href":"https:\/\/przychodniarozewska.pl\/index.php?rest_route=\/wp\/v2\/pages\/130"}],"collection":[{"href":"https:\/\/przychodniarozewska.pl\/index.php?rest_route=\/wp\/v2\/pages"}],"about":[{"href":"https:\/\/przychodniarozewska.pl\/index.php?rest_route=\/wp\/v2\/types\/page"}],"author":[{"embeddable":true,"href":"https:\/\/przychodniarozewska.pl\/index.php?rest_route=\/wp\/v2\/users\/1"}],"replies":[{"embeddable":true,"href":"https:\/\/przychodniarozewska.pl\/index.php?rest_route=%2Fwp%2Fv2%2Fcomments&post=130"}],"version-history":[{"count":8,"href":"https:\/\/przychodniarozewska.pl\/index.php?rest_route=\/wp\/v2\/pages\/130\/revisions"}],"predecessor-version":[{"id":2870,"href":"https:\/\/przychodniarozewska.pl\/index.php?rest_route=\/wp\/v2\/pages\/130\/revisions\/2870"}],"wp:attachment":[{"href":"https:\/\/przychodniarozewska.pl\/index.php?rest_route=%2Fwp%2Fv2%2Fmedia&parent=130"}],"curies":[{"name":"wp","href":"https:\/\/api.w.org\/{rel}","templated":true}]}}