{"id":1226,"date":"2022-01-12T19:47:20","date_gmt":"2022-01-12T18:47:20","guid":{"rendered":"https:\/\/przychodniarozewska.pl\/?page_id=1226"},"modified":"2022-01-12T20:08:49","modified_gmt":"2022-01-12T19:08:49","slug":"wykaz-poradni-specjalistycznych","status":"publish","type":"page","link":"https:\/\/przychodniarozewska.pl\/?page_id=1226","title":{"rendered":"Wykaz poradni specjalistycznych"},"content":{"rendered":"\n<h3>Szukasz dost\u0119pu do wyszukiwarki Gdzie si\u0119 Leczy\u0107?<\/h3>\n\n\n\n<p>Znajdziesz j\u0105 tutaj:&nbsp;<a href=\"https:\/\/gsl.nfz.gov.pl\/\">https:\/\/gsl.nfz.gov.pl<\/a><\/p>\n","protected":false},"excerpt":{"rendered":"<p>Szukasz dost\u0119pu do wyszukiwarki Gdzie si\u0119 Leczy\u0107? Znajdziesz j\u0105 tutaj:&nbsp;https:\/\/gsl.nfz.gov.pl<\/p>\n","protected":false},"author":1,"featured_media":1232,"parent":0,"menu_order":0,"comment_status":"closed","ping_status":"closed","template":"","meta":[],"_links":{"self":[{"href":"https:\/\/przychodniarozewska.pl\/index.php?rest_route=\/wp\/v2\/pages\/1226"}],"collection":[{"href":"https:\/\/przychodniarozewska.pl\/index.php?rest_route=\/wp\/v2\/pages"}],"about":[{"href":"https:\/\/przychodniarozewska.pl\/index.php?rest_route=\/wp\/v2\/types\/page"}],"author":[{"embeddable":true,"href":"https:\/\/przychodniarozewska.pl\/index.php?rest_route=\/wp\/v2\/users\/1"}],"replies":[{"embeddable":true,"href":"https:\/\/przychodniarozewska.pl\/index.php?rest_route=%2Fwp%2Fv2%2Fcomments&post=1226"}],"version-history":[{"count":1,"href":"https:\/\/przychodniarozewska.pl\/index.php?rest_route=\/wp\/v2\/pages\/1226\/revisions"}],"predecessor-version":[{"id":1228,"href":"https:\/\/przychodniarozewska.pl\/index.php?rest_route=\/wp\/v2\/pages\/1226\/revisions\/1228"}],"wp:featuredmedia":[{"embeddable":true,"href":"https:\/\/przychodniarozewska.pl\/index.php?rest_route=\/wp\/v2\/media\/1232"}],"wp:attachment":[{"href":"https:\/\/przychodniarozewska.pl\/index.php?rest_route=%2Fwp%2Fv2%2Fmedia&parent=1226"}],"curies":[{"name":"wp","href":"https:\/\/api.w.org\/{rel}","templated":true}]}}