{"id":121,"date":"2018-06-18T08:42:36","date_gmt":"2018-06-18T08:42:36","guid":{"rendered":"http:\/\/serwer1548729.home.pl\/autoinstalator\/wordpressplugins3\/?page_id=121"},"modified":"2018-07-11T07:36:47","modified_gmt":"2018-07-11T06:36:47","slug":"punkt-pobran","status":"publish","type":"page","link":"https:\/\/przychodniarozewska.pl\/?page_id=121","title":{"rendered":"Punkt pobra\u0144"},"content":{"rendered":"<p><strong><em><u>Punkt pobra\u0144 mie\u015bci si\u0119 w budynku Przychodni (gab. nr 18, parter, wej\u015bcie do Poradni Dzieci Chorych) i jest czynny od poniedzia\u0142ku do pi\u0105tku w godzinach 7:00-8:00<br \/>\n<\/u><\/em><\/strong><\/p>\n<p><strong>Dzieciom do lat 16 krew pobiera si\u0119 w obecno\u015bci rodzica\/ opiekuna prawnego <\/strong>.<\/p>\n<p>UZNAJE SI\u0118, \u017bE PACJENT, KT\u00d3RY PRZYCHODZI DO PUNKTU POBRA\u0143 \u015aWIADOMIE <u>WYRA\u017bA ZGOD\u0118 <\/u>NA POBRANIE KRWI DO BADA\u0143 LABORATORYJNYCH (tzw. Zgoda konkludentna)<\/p>\n<div class=\"czr-wp-the-content\">\n<p><strong>Pacjent przy ka\u017cdej wizycie w Punkcie pobra\u0144 materia\u0142\u00f3w do bada\u0144 analitycznych powinien okaza\u0107 dokument umo\u017cliwiaj\u0105cy potwierdzenie danych osobowych np. dow\u00f3d osobisty lub inny dokument ze zdj\u0119ciem potwierdzaj\u0105cy to\u017csamo\u015b\u0107 Pacjenta.<\/strong><\/p>\n<p><strong>Pracownik Punktu pobra\u0144 zobowi\u0105zany jest do potwierdzenia to\u017csamo\u015bci Pacjenta poprzez wgl\u0105d do w\/w dokumentu<\/strong>.<\/p>\n<p>Podstawa prawna<\/p>\n<p>\u2013 Ustawa z dnia 6.11. 2008r.\u00a0 o prawach pacjenta i Rzeczniku Praw Pacjenta;<\/p>\n<p>\u2013 Ustawa z dnia 29.08.1997r. o ochronie danych osobowych.<\/p>\n<p>&nbsp;<\/p>\n<\/div>\n<p><strong><em><u>PRZED POBRANIEM KRWI <\/u><\/em><\/strong><\/p>\n<p><strong>INFORMACJE, KT\u00d3RE NALE\u017bY ZG\u0141OSI\u0106 PRZED POBRANIEM KRWI<\/strong><\/p>\n<ul>\n<li>Sk\u0142onno\u015b\u0107 do krwawie\u0144 (skaza krwotoczna).<\/li>\n<li>Sk\u0142onno\u015b\u0107 do omdle\u0144 w czasie pobierania krwi.<\/li>\n<\/ul>\n<p><strong>ODCZUCIA\u00a0 ZWI\u0104ZANE\u00a0 Z\u00a0 POBIERANIEM\u00a0 KRWI<\/strong><\/p>\n<ul>\n<li>cz\u0119\u015b\u0107 os\u00f3b odczuwa niewielki b\u00f3l,<\/li>\n<li>cz\u0119\u015b\u0107 &#8211; odczuwa tylko uk\u0142ucie,<\/li>\n<li>cz\u0119\u015b\u0107 &#8211; sw\u0119dzenie\/pieczenie,<\/li>\n<li>w miejscu wk\u0142ucia po pobraniu krwi mo\u017ce by\u0107 odczuwane pulsowanie.<\/li>\n<\/ul>\n<p><strong>MO\u017bLIWE\u00a0 POWIK\u0141ANIA\u00a0 PO\u00a0 POBRANIU<\/strong><\/p>\n<ul>\n<li><strong><em>przed\u0142u\u017cone krwawienie : <\/em><\/strong>mo\u017ce by\u0107 zwi\u0105zane z niew\u0142a\u015bciwym uciskaniem miejsca wk\u0142ucia lub z zaburzeniami krzepni\u0119cia<\/li>\n<\/ul>\n<ul>\n<li><strong><em>omdlenie lub uczucie zamroczenia<\/em><\/strong>,<\/li>\n<li><strong><em>krwiak<\/em><\/strong>(nagromadzenie krwi pod sk\u00f3r\u0105) \u2013 <strong>mo\u017ce powsta\u0107 z powodu<\/strong>:<\/li>\n<\/ul>\n<p>a\/ niedostatecznego ucisku na \u017cy\u0142\u0119 po wk\u0142uciu,<\/p>\n<p>b\/ zaburze\u0144 krzepni\u0119cia,<\/p>\n<p>c\/ w przypadku \u017cy\u0142 trudnych do znalezienia lub niewyczuwalnych,<\/p>\n<p>d\/ po pobraniu krwi z \u017cy\u0142y grzbietowej d\u0142oni<\/p>\n<p><strong>Powik\u0142anie niegro\u017ane. Leczenie: ok\u0142ady: z Altacetu \u00a0lub z sody\u00a0 oczyszczonej (1 czubata \u0142y\u017ceczka na szklank\u0119 wody).<\/strong><\/p>\n<ul>\n<li><strong>zaka\u017cenie <\/strong>&#8211; ryzyko niewielkie, jak przy ka\u017cdym przerwaniu ci\u0105g\u0142o\u015bci sk\u00f3ry, pod warunkiem u\u017cycia sprz\u0119tu jednorazowego u\u017cytku i dezynfekcji miejsca wk\u0142ucia.<\/li>\n<\/ul>\n<p><strong>\u00a0<\/strong><\/p>\n<p><strong>\u00a0<\/strong><\/p>\n","protected":false},"excerpt":{"rendered":"<p>Punkt pobra\u0144 mie\u015bci si\u0119 w budynku Przychodni (gab. nr 18, parter, wej\u015bcie do Poradni Dzieci Chorych) i jest czynny od poniedzia\u0142ku do pi\u0105tku w godzinach 7:00-8:00 Dzieciom do lat 16 krew pobiera si\u0119 w obecno\u015bci rodzica\/ opiekuna prawnego . UZNAJE SI\u0118, \u017bE PACJENT, KT\u00d3RY PRZYCHODZI DO PUNKTU POBRA\u0143 \u015aWIADOMIE WYRA\u017bA ZGOD\u0118 NA POBRANIE KRWI DO [&hellip;]<\/p>\n","protected":false},"author":1,"featured_media":0,"parent":0,"menu_order":0,"comment_status":"closed","ping_status":"closed","template":"","meta":[],"_links":{"self":[{"href":"https:\/\/przychodniarozewska.pl\/index.php?rest_route=\/wp\/v2\/pages\/121"}],"collection":[{"href":"https:\/\/przychodniarozewska.pl\/index.php?rest_route=\/wp\/v2\/pages"}],"about":[{"href":"https:\/\/przychodniarozewska.pl\/index.php?rest_route=\/wp\/v2\/types\/page"}],"author":[{"embeddable":true,"href":"https:\/\/przychodniarozewska.pl\/index.php?rest_route=\/wp\/v2\/users\/1"}],"replies":[{"embeddable":true,"href":"https:\/\/przychodniarozewska.pl\/index.php?rest_route=%2Fwp%2Fv2%2Fcomments&post=121"}],"version-history":[{"count":5,"href":"https:\/\/przychodniarozewska.pl\/index.php?rest_route=\/wp\/v2\/pages\/121\/revisions"}],"predecessor-version":[{"id":203,"href":"https:\/\/przychodniarozewska.pl\/index.php?rest_route=\/wp\/v2\/pages\/121\/revisions\/203"}],"wp:attachment":[{"href":"https:\/\/przychodniarozewska.pl\/index.php?rest_route=%2Fwp%2Fv2%2Fmedia&parent=121"}],"curies":[{"name":"wp","href":"https:\/\/api.w.org\/{rel}","templated":true}]}}