{"id":118,"date":"2018-06-18T08:42:21","date_gmt":"2018-06-18T08:42:21","guid":{"rendered":"http:\/\/serwer1548729.home.pl\/autoinstalator\/wordpressplugins3\/?page_id=118"},"modified":"2018-07-11T09:31:23","modified_gmt":"2018-07-11T08:31:23","slug":"endogast","status":"publish","type":"page","link":"https:\/\/przychodniarozewska.pl\/?page_id=118","title":{"rendered":"Endogast"},"content":{"rendered":"<p style=\"text-align: center;\"><strong>PRYWATNA <\/strong><strong>PORADNIA GASTROENTEROLOGICZNA \u2013 <\/strong>porady lekarzy specjalist\u00f3w<\/p>\n<p style=\"text-align: center;\"><strong>oraz<\/strong><\/p>\n<p style=\"text-align: center;\"><strong>PORADNIA ENDOSKOPOWA \u2013 <\/strong>gastroskopie, kolonoskopie, rektoskopie<\/p>\n<p style=\"text-align: center;\"><strong>\u00a0Budynek Przychodni\u00a0 gab. 111, <\/strong><strong>I pi\u0119tro<\/strong><\/p>\n<p style=\"text-align: center;\"><u>W poradni przyjmuj\u0105 lekarze specjali\u015bci:<\/u><\/p>\n<p style=\"text-align: center;\"><strong>\u00a0<\/strong><\/p>\n<p style=\"text-align: center;\"><strong>&#8211; Dr n.med. Gra\u017cyna Piotrowicz<\/strong><\/p>\n<p style=\"text-align: center;\">pi\u0105tek godz. 15:00 \u2013 18:00<\/p>\n<p style=\"text-align: center;\"><strong>&#8211; lek.med. Anna Suchodolska<\/strong><\/p>\n<p style=\"text-align: center;\">wtorek godz. 16:00 \u2013 18:00<\/p>\n<p style=\"text-align: center;\">Zapisy w rejestracji przychodni osobi\u015bcie lub telefonicznie: <strong>58\u00a06636969<\/strong>;\u00a0\u00a0 <strong>58 6230276<\/strong><\/p>\n","protected":false},"excerpt":{"rendered":"<p>PRYWATNA PORADNIA GASTROENTEROLOGICZNA \u2013 porady lekarzy specjalist\u00f3w oraz PORADNIA ENDOSKOPOWA \u2013 gastroskopie, kolonoskopie, rektoskopie \u00a0Budynek Przychodni\u00a0 gab. 111, I pi\u0119tro W poradni przyjmuj\u0105 lekarze specjali\u015bci: \u00a0 &#8211; Dr n.med. Gra\u017cyna Piotrowicz pi\u0105tek godz. 15:00 \u2013 18:00 &#8211; lek.med. Anna Suchodolska wtorek godz. 16:00 \u2013 18:00 Zapisy w rejestracji przychodni osobi\u015bcie lub telefonicznie: 58\u00a06636969;\u00a0\u00a0 58 6230276<\/p>\n","protected":false},"author":1,"featured_media":0,"parent":0,"menu_order":0,"comment_status":"closed","ping_status":"closed","template":"","meta":[],"_links":{"self":[{"href":"https:\/\/przychodniarozewska.pl\/index.php?rest_route=\/wp\/v2\/pages\/118"}],"collection":[{"href":"https:\/\/przychodniarozewska.pl\/index.php?rest_route=\/wp\/v2\/pages"}],"about":[{"href":"https:\/\/przychodniarozewska.pl\/index.php?rest_route=\/wp\/v2\/types\/page"}],"author":[{"embeddable":true,"href":"https:\/\/przychodniarozewska.pl\/index.php?rest_route=\/wp\/v2\/users\/1"}],"replies":[{"embeddable":true,"href":"https:\/\/przychodniarozewska.pl\/index.php?rest_route=%2Fwp%2Fv2%2Fcomments&post=118"}],"version-history":[{"count":7,"href":"https:\/\/przychodniarozewska.pl\/index.php?rest_route=\/wp\/v2\/pages\/118\/revisions"}],"predecessor-version":[{"id":217,"href":"https:\/\/przychodniarozewska.pl\/index.php?rest_route=\/wp\/v2\/pages\/118\/revisions\/217"}],"wp:attachment":[{"href":"https:\/\/przychodniarozewska.pl\/index.php?rest_route=%2Fwp%2Fv2%2Fmedia&parent=118"}],"curies":[{"name":"wp","href":"https:\/\/api.w.org\/{rel}","templated":true}]}}