{"id":106,"date":"2018-06-18T08:40:58","date_gmt":"2018-06-18T08:40:58","guid":{"rendered":"http:\/\/serwer1548729.home.pl\/autoinstalator\/wordpressplugins3\/?page_id=106"},"modified":"2025-04-30T09:30:57","modified_gmt":"2025-04-30T08:30:57","slug":"zapisy-pacjentow","status":"publish","type":"page","link":"https:\/\/przychodniarozewska.pl\/?page_id=106","title":{"rendered":"Zapisy pacjent\u00f3w"},"content":{"rendered":"<p><strong>ZAPISY PACJENT\u00d3W\u00a0<\/strong>NA WIZYTY AMBULATORYJNE I DOMOWE ODBYWAJ\u0104 SI\u0118 NA PODSTAWIE ZG\u0141OSZENIA :<\/p>\n<ul>\n<li>OSOBISTEGO &#8211; od godz. 7:00<\/li>\n<li>TELEFONICZNEGO (OD GODZ. 7:00 ) TEL. (58) <strong>663-69-69<\/strong>; (58) <strong>623-02-76<\/strong><\/li>\n<li>ZA PO\u015aREDNICTWEM OSOBY TRZECIEJ<\/li>\n<\/ul>\n<p>Zgodnie z pkt.2 ppkt.3 i 4 Za\u0142\u0105cznika Nr 1 do Rozporz\u0105dzenia Ministra Zdrowia z dnia 24 wrze\u015bnia 2013r. w sprawie \u015bwiadcze\u0144 gwarantowanych z zakresu POZ rejestracja odbywa si\u0119 nast\u0119puj\u0105co:<\/p>\n<p>\u201e<strong>w przypadkach uzasadnionych stanem zdrowia \u015bwiadczeniobiorcy \u015bwiadczenie lekarza POZ jest udzielane w dniu zg\u0142oszenia; <\/strong><\/p>\n<p><strong>\u00a0<\/strong><\/p>\n<p><strong>w innych przypadkach \u015bwiadczenia lekarza POZ s\u0105 udzielane w terminie uzgodnionym ze \u015bwiadczeniobiorc\u0105<\/strong>\u201d<\/p>\n","protected":false},"excerpt":{"rendered":"<p>ZAPISY PACJENT\u00d3W\u00a0NA WIZYTY AMBULATORYJNE I DOMOWE ODBYWAJ\u0104 SI\u0118 NA PODSTAWIE ZG\u0141OSZENIA : OSOBISTEGO &#8211; od godz. 7:00 TELEFONICZNEGO (OD GODZ. 7:00 ) TEL. (58) 663-69-69; (58) 623-02-76 ZA PO\u015aREDNICTWEM OSOBY TRZECIEJ Zgodnie z pkt.2 ppkt.3 i 4 Za\u0142\u0105cznika Nr 1 do Rozporz\u0105dzenia Ministra Zdrowia z dnia 24 wrze\u015bnia 2013r. w sprawie \u015bwiadcze\u0144 gwarantowanych z zakresu [&hellip;]<\/p>\n","protected":false},"author":1,"featured_media":0,"parent":0,"menu_order":0,"comment_status":"closed","ping_status":"closed","template":"","meta":[],"_links":{"self":[{"href":"https:\/\/przychodniarozewska.pl\/index.php?rest_route=\/wp\/v2\/pages\/106"}],"collection":[{"href":"https:\/\/przychodniarozewska.pl\/index.php?rest_route=\/wp\/v2\/pages"}],"about":[{"href":"https:\/\/przychodniarozewska.pl\/index.php?rest_route=\/wp\/v2\/types\/page"}],"author":[{"embeddable":true,"href":"https:\/\/przychodniarozewska.pl\/index.php?rest_route=\/wp\/v2\/users\/1"}],"replies":[{"embeddable":true,"href":"https:\/\/przychodniarozewska.pl\/index.php?rest_route=%2Fwp%2Fv2%2Fcomments&post=106"}],"version-history":[{"count":5,"href":"https:\/\/przychodniarozewska.pl\/index.php?rest_route=\/wp\/v2\/pages\/106\/revisions"}],"predecessor-version":[{"id":2795,"href":"https:\/\/przychodniarozewska.pl\/index.php?rest_route=\/wp\/v2\/pages\/106\/revisions\/2795"}],"wp:attachment":[{"href":"https:\/\/przychodniarozewska.pl\/index.php?rest_route=%2Fwp%2Fv2%2Fmedia&parent=106"}],"curies":[{"name":"wp","href":"https:\/\/api.w.org\/{rel}","templated":true}]}}